{"id":10868,"date":"2014-10-11T14:22:51","date_gmt":"2014-10-11T14:22:51","guid":{"rendered":"http:\/\/avada.theme-fusion.com_demos\/portfolio\/?page_id=10868"},"modified":"2018-12-07T14:41:24","modified_gmt":"2018-12-07T14:41:24","slug":"home-3","status":"publish","type":"page","link":"https:\/\/kita-immobilien.de\/","title":{"rendered":"Home"},"content":{"rendered":"<p><div class=\"fusion-fullwidth fullwidth-box nonhundred-percent-fullwidth non-hundred-percent-height-scrolling\"  style='background-color: yes;background-position: left top;background-repeat: no-repeat;padding-top:95px;padding-right:0px;padding-bottom:20px;padding-left:0px;border-top-width:0px;border-bottom-width:0px;border-color:#eae9e9;border-top-style:solid;border-bottom-style:solid;'><div class=\"fusion-builder-row fusion-row \"><div  class=\"fusion-layout-column fusion_builder_column fusion_builder_column_1_1  fusion-one-full fusion-column-first fusion-column-last fusion-column-no-min-height 1_1\"  style='margin-top:0px;margin-bottom:0px;'>\n\t\t\t\t\t<div class=\"fusion-column-wrapper\" style=\"padding: 0px 0px 0px 0px;background-position:left top;background-repeat:no-repeat;-webkit-background-size:cover;-moz-background-size:cover;-o-background-size:cover;background-size:cover;\"  data-bg-url=\"\">\n\t\t\t\t\t\t<div class=\"fusion-text\"><h2 style=\"text-align: center;\">Ob gro\u00df oder klein &#8211; Wir halten allen Tr\u00e4ger*innen die T\u00fcr offen!<\/h2>\n<\/div><div class=\"fusion-sep-clear\"><\/div><div class=\"fusion-separator sep-single sep-solid\" style=\"border-color:#e0e0e0;border-top-width:1px;margin-left: auto;margin-right: auto;margin-top:5px;margin-bottom:45px;width:100%;max-width:200px;\"><\/div><div class=\"imageframe-align-center\"><span style=\"-webkit-border-radius:5px;-moz-border-radius:5px;border-radius:5px;\" class=\"fusion-imageframe imageframe-none imageframe-1 hover-type-none fusion-animated\" data-animationType=\"fadeInLeft\" data-animationDuration=\"1.0\" data-animationOffset=\"100%\"><img loading=\"lazy\" src=\"http:\/\/kita.enson-immobilien.de\/wp-content\/uploads\/2014\/10\/child-865116_1920-300x200.jpg\" width=\"300\" height=\"200\" alt=\"\" title=\"child-865116_1920\" class=\"img-responsive wp-image-13086\" srcset=\"https:\/\/kita-immobilien.de\/wp-content\/uploads\/2014\/10\/child-865116_1920-200x133.jpg 200w, https:\/\/kita-immobilien.de\/wp-content\/uploads\/2014\/10\/child-865116_1920-400x267.jpg 400w, https:\/\/kita-immobilien.de\/wp-content\/uploads\/2014\/10\/child-865116_1920-600x400.jpg 600w, https:\/\/kita-immobilien.de\/wp-content\/uploads\/2014\/10\/child-865116_1920-800x533.jpg 800w, https:\/\/kita-immobilien.de\/wp-content\/uploads\/2014\/10\/child-865116_1920-1200x800.jpg 1200w, https:\/\/kita-immobilien.de\/wp-content\/uploads\/2014\/10\/child-865116_1920.jpg 1920w\" sizes=\"(max-width: 1100px) 100vw, 1200px\" \/><\/span><\/div><div class=\"fusion-text\"><h1 style=\"text-align: center;\">Kita Immobilien Berlin<\/h1>\n<p style=\"text-align: center;\"><strong>Exklusivit\u00e4t<\/strong>, <strong>Qualit\u00e4t<\/strong> und <strong>Effektivit\u00e4t<\/strong> bieten wir Ihnen stets rund um die gefragten <strong>Kita-Immobilien<\/strong>. Wir haben es uns zur <strong>Aufgabe<\/strong> gemacht mit den <strong>qualifiziertesten<\/strong> <strong>Investor*innen<\/strong>, <strong>Eigent\u00fcmer*innen<\/strong>, <strong>Bautr\u00e4ger*innen<\/strong> und <strong>Architekt*innen<\/strong> bundesweit <strong>Kita-Fl\u00e4chen<\/strong> f\u00fcr Sie zu finden und aufzukaufen. Als <strong>langj\u00e4hrig<\/strong> <strong>erfahrene<\/strong> <strong>Immobilienmakler<\/strong> k\u00f6nnen wir Ihnen mit gutem Gewissen versichern, Sie auf dem Wege der <strong>Vermietung<\/strong>, <strong>Verpachtung<\/strong> und <strong>Finanzierung<\/strong> stets kompetent zu begleiten. Wir versprechen Ihnen die <strong>fairsten<\/strong> <strong>Konditionen<\/strong> herauszuholen, um Ihnen ein <strong>Traumgrundst\u00fcck<\/strong> f\u00fcr eine Kindertagesst\u00e4tte zu erm\u00f6glichen.<\/p>\n<p style=\"text-align: center;\">Neben unserer <strong>T\u00e4tigkeit<\/strong> als <strong>Gewerbe<\/strong>&#8211; und <strong>Immobilienmakler<\/strong>, m\u00f6chten wir unseren <strong>Fokus<\/strong> mit <strong>Kita-Immobilien<\/strong> gezielt setzen, um Kindern in den ersten <strong>Lebensjahren<\/strong> die <strong>verdiente F\u00f6rderung<\/strong> in einer <strong>angenehmen Atmosph\u00e4re<\/strong> zu gestatten. Aufgrund der hohen Nachfrage an <strong>Kita-Fl\u00e4chen<\/strong>, haben wir in den letzten zwei Jahren zahlreiche <strong>Objekte<\/strong> erfolgreich vermitteln k\u00f6nnen, weshalb wir \u00fcber das <strong>richtige Knowhow<\/strong> verf\u00fcgen.<\/p>\n<\/div><div class=\"fusion-clearfix\"><\/div>\n\n\t\t\t\t\t<\/div>\n\t\t\t\t<\/div><\/div><\/div><div class=\"fusion-bg-parallax\"  data-bg-align=\"left top\" data-direction=\"up\" data-mute=\"false\" data-opacity=\"100\" data-velocity=\"-0.3\" data-mobile-enabled=\"false\" data-break_parents=\"0\" data-bg-image=\"http:\/\/kita.enson-immobilien.de\/wp-content\/uploads\/2014\/10\/bkgd_cityblue.jpg\" data-bg-repeat=\"false\" data-bg-height=\"\" data-bg-width=\"\"><\/div><div class=\"fusion-fullwidth fullwidth-box fusion-parallax-up nonhundred-percent-fullwidth non-hundred-percent-height-scrolling\"  style='background-color: yes;background-image: url(\"http:\/\/kita.enson-immobilien.de\/wp-content\/uploads\/2014\/10\/bkgd_cityblue.jpg\");background-position: left top;background-repeat: no-repeat;padding-top:100px;padding-right:0px;padding-bottom:100px;padding-left:0px;border-top-width:0px;border-bottom-width:0px;border-color:#eae9e9;border-top-style:solid;border-bottom-style:solid;-webkit-background-size:cover;-moz-background-size:cover;-o-background-size:cover;background-size:cover;background-attachment:up;'><div class=\"fusion-builder-row fusion-row \"><div  class=\"fusion-layout-column fusion_builder_column fusion_builder_column_1_1  fusion-one-full fusion-column-first fusion-column-last fusion-column-no-min-height 1_1\"  style='margin-top:0px;margin-bottom:0px;'>\n\t\t\t\t\t<div class=\"fusion-column-wrapper\" style=\"padding: 0px 0px 0px 0px;background-position:left top;background-repeat:no-repeat;-webkit-background-size:cover;-moz-background-size:cover;-o-background-size:cover;background-size:cover;\"  data-bg-url=\"\">\n\t\t\t\t\t\t<div class=\"fusion-clearfix\"><\/div>\n\n\t\t\t\t\t<\/div>\n\t\t\t\t<\/div><div  class=\"fusion-layout-column fusion_builder_column fusion_builder_column_1_1  fusion-one-full fusion-column-first fusion-column-last fusion-column-no-min-height 1_1\"  style='margin-top:0px;margin-bottom:0px;'>\n\t\t\t\t\t<div class=\"fusion-column-wrapper\" style=\"padding: 0px 0px 0px 0px;background-position:left top;background-repeat:no-repeat;-webkit-background-size:cover;-moz-background-size:cover;-o-background-size:cover;background-size:cover;\"  data-bg-url=\"\">\n\t\t\t\t\t\t<div class=\"fusion-text\"><h1 style=\"text-align: center;\"><span style=\"color: #ffffff;\">Haben Sie Fragen?<\/span><\/h1>\n<p style=\"font-size: 18px; margin-top: -20px; text-align: center;\"><span style=\"color: #ffffff;\">Wir sind f\u00fcr Sie da!<\/span><\/p>\n<\/div><div class=\"fusion-sep-clear\"><\/div><div class=\"fusion-separator fusion-full-width-sep sep-none\" style=\"margin-left: auto;margin-right: auto;margin-top:9px;margin-bottom:9px;\"><\/div><div class=\"fusion-button-wrapper fusion-aligncenter\"><style type=\"text\/css\" scoped=\"scoped\">.fusion-button.button-1 .fusion-button-text, .fusion-button.button-1 i {color:rgba(255,255,255,.6);}.fusion-button.button-1 {border-width:1px;border-color:rgba(255,255,255,.6);}.fusion-button.button-1 .fusion-button-icon-divider{border-color:rgba(255,255,255,.6);}.fusion-button.button-1:hover .fusion-button-text, .fusion-button.button-1:hover i,.fusion-button.button-1:focus .fusion-button-text, .fusion-button.button-1:focus i,.fusion-button.button-1:active .fusion-button-text, .fusion-button.button-1:active{color:rgba(255,255,255,1);}.fusion-button.button-1:hover, .fusion-button.button-1:focus, .fusion-button.button-1:active{border-width:1px;border-color:rgba(255,255,255,1);}.fusion-button.button-1:hover .fusion-button-icon-divider, .fusion-button.button-1:hover .fusion-button-icon-divider, .fusion-button.button-1:active .fusion-button-icon-divider{border-color:rgba(255,255,255,1);}.fusion-button.button-1{background: rgba(255,255,255,0);}.fusion-button.button-1:hover,.button-1:focus,.fusion-button.button-1:active{background: rgba(255, 255, 255, 0.09);}.fusion-button.button-1{width:auto;}<\/style><a class=\"fusion-button button-flat fusion-button-round button-xlarge button-custom button-1\" target=\"_blank\" rel=\"noopener noreferrer\" href=\"#\" data-toggle=\"modal\" data-target=\".fusion-modal.contact\"><span class=\"fusion-button-text\">Zum Kontaktformular<\/span><\/a><\/div><div class=\"fusion-clearfix\"><\/div>\n\n\t\t\t\t\t<\/div>\n\t\t\t\t<\/div><\/div><\/div><div class=\"fusion-fullwidth fullwidth-box hundred-percent-fullwidth non-hundred-percent-height-scrolling\"  style='background-color: rgba(255,255,255,0);background-position: center center;background-repeat: no-repeat;padding-top:0px;padding-right:0px;padding-bottom:0px;padding-left:0px;'><div class=\"fusion-builder-row fusion-row \"><div  class=\"fusion-layout-column fusion_builder_column fusion_builder_column_1_1  fusion-one-full fusion-column-first fusion-column-last fusion-column-no-min-height 1_1\"  style='margin-top:0px;margin-bottom:0px;'>\n\t\t\t\t\t<div class=\"fusion-column-wrapper\" style=\"padding: 0px 0px 0px 0px;background-position:left top;background-repeat:no-repeat;-webkit-background-size:cover;-moz-background-size:cover;-o-background-size:cover;background-size:cover;\"  data-bg-url=\"\">\n\t\t\t\t\t\t<div class=\"fusion-modal modal fade modal-1 contact\" tabindex=\"-1\" role=\"dialog\" aria-labelledby=\"modal-heading-1\" aria-hidden=\"true\"><style type=\"text\/css\">.modal-1 .modal-header, .modal-1 .modal-footer{border-color:#ebebeb;}<\/style><div class=\"modal-dialog modal-lg\"><div class=\"modal-content fusion-modal-content\" style=\"background-color:#ffffff\"><div class=\"modal-header\"><button class=\"close\" type=\"button\" data-dismiss=\"modal\" aria-hidden=\"true\">&times;<\/button><h3 class=\"modal-title\" id=\"modal-heading-1\" data-dismiss=\"modal\" aria-hidden=\"true\">Wir freuen uns von Ihnen zu h\u00f6ren<\/h3><\/div><div class=\"modal-body fusion-clearfix\">\n<div class=\"fusion-builder-row fusion-builder-row-inner fusion-row \"><div  class=\"fusion-layout-column fusion_builder_column fusion_builder_column_2_5  fusion-two-fifth fusion-column-first 2_5\"  style='margin-top: 0px;margin-bottom: 20px;width:40%;width:calc(40% - ( ( 4% ) * 0.4 ) );margin-right:4%;'><div class=\"fusion-column-wrapper\" style=\"padding: 0px 0px 0px 0px;background-position:left top;background-repeat:no-repeat;-webkit-background-size:cover;-moz-background-size:cover;-o-background-size:cover;background-size:cover;\"  data-bg-url=\"\">\n<div class=\"fusion-sep-clear\"><\/div><div class=\"fusion-separator fusion-full-width-sep sep-none\" style=\"margin-left: auto;margin-right: auto;margin-top:10px;margin-bottom:0px;\"><\/div>\n<span class=\"fusion-imageframe imageframe-none imageframe-2 hover-type-none\"><img loading=\"lazy\" src=\"\/wp-content\/uploads\/2018\/12\/agency_logo2x-1.png\" width=\"\" height=\"\" alt=\"\" title=\"Home\" class=\"img-responsive\"\/><\/span>\n<div class=\"fusion-sep-clear\"><\/div><div class=\"fusion-separator fusion-full-width-sep sep-none\" style=\"margin-left: auto;margin-right: auto;margin-top:5px;margin-bottom:5px;\"><\/div><div class=\"fusion-text\"><p>Wir bearbeiten Ihre Anfrage umgehend.<\/p>\n<p><strong>Kyffh\u00e4userstra\u00dfe 24<br \/>\n10781 Berlin<\/strong><\/p>\n<p>&nbsp;<\/p>\n<p>kontakt@kita-immobilien.de<br \/>\nwww.kita-immobilien.de<\/p>\n<p>030 &#8211; 236 343 51<br \/>\n0176 &#8211; 675 84 969<\/p>\n<\/div>\n<\/div><\/div>\n<div  class=\"fusion-layout-column fusion_builder_column fusion_builder_column_3_5  fusion-three-fifth fusion-column-last 3_5\"  style='margin-top: 0px;margin-bottom: 20px;width:60%;width:calc(60% - ( ( 4% ) * 0.6 ) );'><div class=\"fusion-column-wrapper\" style=\"padding: 0px 0px 0px 0px;background-position:left top;background-repeat:no-repeat;-webkit-background-size:cover;-moz-background-size:cover;-o-background-size:cover;background-size:cover;\"  data-bg-url=\"\">\n<div class=\"fusion-text\"><div role=\"form\" class=\"wpcf7\" id=\"wpcf7-f11449-o1\" lang=\"en-US\" dir=\"ltr\">\n<div class=\"screen-reader-response\"><\/div>\n<form action=\"\/index.php?rest_route=%2Fwp%2Fv2%2Fpages%2F10868#wpcf7-f11449-o1\" method=\"post\" class=\"wpcf7-form\" novalidate=\"novalidate\">\n<div style=\"display: none;\">\n<input type=\"hidden\" name=\"_wpcf7\" value=\"11449\" \/>\n<input type=\"hidden\" name=\"_wpcf7_version\" value=\"5.0.5\" \/>\n<input type=\"hidden\" name=\"_wpcf7_locale\" value=\"en_US\" \/>\n<input type=\"hidden\" name=\"_wpcf7_unit_tag\" value=\"wpcf7-f11449-o1\" \/>\n<input type=\"hidden\" name=\"_wpcf7_container_post\" value=\"0\" \/>\n<\/div>\n<p><label>Ihr Name (ben\u00f6tigt)<br \/>\n    <span class=\"wpcf7-form-control-wrap your-name\"><input type=\"text\" name=\"your-name\" value=\"\" size=\"40\" class=\"wpcf7-form-control wpcf7-text wpcf7-validates-as-required\" aria-required=\"true\" aria-invalid=\"false\" \/><\/span> <\/label><\/p>\n<p><label>Ihre E-Mail (bebn\u00f6tigt)<br \/>\n    <span class=\"wpcf7-form-control-wrap your-email\"><input type=\"email\" name=\"your-email\" value=\"\" size=\"40\" class=\"wpcf7-form-control wpcf7-text wpcf7-email wpcf7-validates-as-required wpcf7-validates-as-email\" aria-required=\"true\" aria-invalid=\"false\" \/><\/span> <\/label><\/p>\n<p><label>Betreff<br \/>\n    <span class=\"wpcf7-form-control-wrap your-subject\"><input type=\"text\" name=\"your-subject\" value=\"\" size=\"40\" class=\"wpcf7-form-control wpcf7-text\" aria-invalid=\"false\" \/><\/span> <\/label><\/p>\n<p><label>Ihre Nachricht<br \/>\n    <span class=\"wpcf7-form-control-wrap your-message\"><textarea name=\"your-message\" cols=\"40\" rows=\"10\" class=\"wpcf7-form-control wpcf7-textarea\" aria-invalid=\"false\"><\/textarea><\/span> <\/label><\/p>\n<p><span class=\"wpcf7-form-control-wrap checkbox-55\"><span class=\"wpcf7-form-control wpcf7-checkbox wpcf7-validates-as-required\"><span class=\"wpcf7-list-item first last\"><input type=\"checkbox\" name=\"checkbox-55[]\" value=\"\" \/><span class=\"wpcf7-list-item-label\"><\/span><\/span><\/span><\/span><\/p>\n<p>Ich bin damit einverstanden, dass mich Kita Immobilien kontaktiert (telefonisch oder per E-Mail) und meine Daten speichert. Selbstverst\u00e4ndlich werden Ihre Daten vertraulich behandelt und keinesfalls an Dritte weitergegeben.<\/p>\n<p><input type=\"submit\" value=\"Senden\" class=\"wpcf7-form-control wpcf7-submit\" \/><\/p>\n<div class=\"fusion-alert alert custom alert-custom fusion-alert-center fusion-alert-capitalize alert-dismissable wpcf7-response-output wpcf7-display-none\" style=\"background-color:;color:;border-color:;border-width:1px;\"><button style=\"color:;border-color:;\" type=\"button\" class=\"close toggle-alert\" data-dismiss=\"alert\" aria-hidden=\"true\">&times;<\/button><div class=\"fusion-alert-content-wrapper\"><span class=\"fusion-alert-content\"><\/span><\/div><\/div><\/form><\/div>\n<\/div>\n<\/div><\/div><\/div>\n<\/div><div class=\"modal-footer\"><a class=\"fusion-button button-default button-medium button default medium\" data-dismiss=\"modal\">Close<\/a><\/div><\/div><\/div><\/div><div class=\"fusion-clearfix\"><\/div>\n\n\t\t\t\t\t<\/div>\n\t\t\t\t<\/div><\/div><\/div><\/p>\n","protected":false},"excerpt":{"rendered":"","protected":false},"author":1,"featured_media":0,"parent":0,"menu_order":0,"comment_status":"open","ping_status":"open","template":"100-width.php","meta":[],"_links":{"self":[{"href":"https:\/\/kita-immobilien.de\/index.php?rest_route=\/wp\/v2\/pages\/10868"}],"collection":[{"href":"https:\/\/kita-immobilien.de\/index.php?rest_route=\/wp\/v2\/pages"}],"about":[{"href":"https:\/\/kita-immobilien.de\/index.php?rest_route=\/wp\/v2\/types\/page"}],"author":[{"embeddable":true,"href":"https:\/\/kita-immobilien.de\/index.php?rest_route=\/wp\/v2\/users\/1"}],"replies":[{"embeddable":true,"href":"https:\/\/kita-immobilien.de\/index.php?rest_route=%2Fwp%2Fv2%2Fcomments&post=10868"}],"version-history":[{"count":20,"href":"https:\/\/kita-immobilien.de\/index.php?rest_route=\/wp\/v2\/pages\/10868\/revisions"}],"predecessor-version":[{"id":13135,"href":"https:\/\/kita-immobilien.de\/index.php?rest_route=\/wp\/v2\/pages\/10868\/revisions\/13135"}],"wp:attachment":[{"href":"https:\/\/kita-immobilien.de\/index.php?rest_route=%2Fwp%2Fv2%2Fmedia&parent=10868"}],"curies":[{"name":"wp","href":"https:\/\/api.w.org\/{rel}","templated":true}]}}